{"id":608,"date":"2022-01-26T16:40:15","date_gmt":"2022-01-26T19:40:15","guid":{"rendered":"https:\/\/faespsenar.com.br\/?page_id=608"},"modified":"2022-02-09T17:07:27","modified_gmt":"2022-02-09T20:07:27","slug":"sindicatos-rurais-beneficios-da-pessoa-se-associar-ao-sindicato","status":"publish","type":"page","link":"https:\/\/faespsenar.com.br\/painel-de-dados\/sindicatos-rurais-beneficios-da-pessoa-se-associar-ao-sindicato\/","title":{"rendered":"Sindicatos Rurais"},"content":{"rendered":"\n<p>Os Sindicatos Rurais exercem um importante papel no suporte aos produtores do campo, fornecendo informa\u00e7\u00f5es, oferecendo benef\u00edcios e contribuindo nas mais diferentes necessidades da agropecu\u00e1ria. S\u00e3o entidades que atuam pelos anseios e pleitos do setor, propondo medidas favor\u00e1veis aos seus interesses. Prestam servi\u00e7os em todas as \u00e1reas ligadas \u00e0 atividade agr\u00e1ria, com o objetivo de proporcionar resultados econ\u00f4micos e sociais coletivos para o fortalecimento do agroneg\u00f3cio.<\/p>\n\n\n\n<p>Um Sindicato Rural \u00e9 uma associa\u00e7\u00e3o civil de direito privado sem fins lucrativos, constitu\u00eddo para fins de estudos, coordena\u00e7\u00e3o, defesa e representa\u00e7\u00e3o da categoria econ\u00f4mica dos ramos da produ\u00e7\u00e3o rural, independentemente da dimens\u00e3o da \u00e1rea explorada. Pequenos, m\u00e9dios e grandes produtores rurais, assim como empresas da agroind\u00fastria, podem se associar \u2013 um sindicato forte se faz com a uni\u00e3o de todos os envolvidos para assegurar a prosperidade do setor.<\/p>\n\n\n\n<p>O aumento da produtividade \u00e9 uma preocupa\u00e7\u00e3o dos sindicatos, por meio da ado\u00e7\u00e3o de regras e normas para a melhoria dos m\u00e9todos de trabalho e dos processos de comercializa\u00e7\u00e3o, visando o bem-estar sociocultural dos produtores rurais. Manter o n\u00edvel da efici\u00eancia e da qualidade da produ\u00e7\u00e3o, assim como orientar as atividades no campo, s\u00e3o tamb\u00e9m a\u00e7\u00f5es relevantes dos sindicatos junto a seus associados.<\/p>\n\n\n\n<p>Outra importante miss\u00e3o dos sindicatos \u00e9 a forma\u00e7\u00e3o profissional e a promo\u00e7\u00e3o social dos empreendedores e trabalhadores rurais, com prioridade aos micros e pequenos produtores, buscando sempre as inova\u00e7\u00f5es que est\u00e3o \u00e0 disposi\u00e7\u00e3o do homem do campo. S\u00e3o v\u00e1rios os cursos oferecidos pelos sindicatos, em parceria com o Servi\u00e7o Nacional de Aprendizagem Rural (SENAR), todos gratuitos e com certifica\u00e7\u00e3o.<\/p>\n\n\n\n<p>Prote\u00e7\u00e3o e recupera\u00e7\u00e3o do meio ambiente e dos recursos h\u00eddricos, a fim de conciliar o progresso e o desenvolvimento sustent\u00e1vel, s\u00e3o outras a\u00e7\u00f5es dos sindicatos \u2013 realizadas diretamente, ou atrav\u00e9s de conv\u00eanios com entidades p\u00fablicas e privadas \u2013 que cada vez mais colaboram com o aperfei\u00e7oamento do setor rural.<\/p>\n\n\n\n<h2 class=\"wp-block-heading\">Como se associar<\/h2>\n\n\n\n<p>Poder\u00e3o fazer parte como associados de um sindicato os produtores rurais \u2013 pessoa f\u00edsica ou jur\u00eddica \u2013 integrantes da categoria econ\u00f4mica rural. O interessado preenche uma proposta de associa\u00e7\u00e3o e anexa um comprovante do exerc\u00edcio da atividade. Caso seja uma pessoa jur\u00eddica, deve indicar um representante legal junto ao sindicato.<\/p>\n\n\n\n<p>O associado paga uma contribui\u00e7\u00e3o social, que pode ser mensalidade ou anuidade. O valor dessa contribui\u00e7\u00e3o \u00e9 fixado pela Assembleia Geral do sindicato. Com isso, tem direito a tomar parte, votar e ser votado nas Assembleias, desde que esteja inscrito no quadro social h\u00e1 mais de seis meses, exer\u00e7a atividade rural h\u00e1 mais de dois anos e esteja em gozo dos direitos sindicais.<\/p>\n\n\n\n<h2 class=\"wp-block-heading\">Servi\u00e7os prestados pelos Sindicatos Rurais<\/h2>\n\n\n\n<p>A maioria dos sindicatos presta servi\u00e7os de orienta\u00e7\u00e3o sobre ITR (Imposto sobre a Propriedade Territorial Rural), CCIR (Certificado de Cadastro de Im\u00f3vel Rural), Imposto de Renda, folha de pagamento, recolhimento de tributos (INSS, FGTS, IRRF), registro de empregados e rescis\u00e3o de contrato de trabalho, entrega de RAIS e todas as obriga\u00e7\u00f5es trabalhistas via e-Social, contratos agr\u00e1rios, recibos diversos, inscri\u00e7\u00e3o do produtor rural na Secretaria da Fazenda e Receita Federal, emiss\u00e3o de nota fiscal, GTA, DAP.<\/p>\n\n\n\n<p>Os sindicatos rurais congregam os produtores rurais de sua base de atua\u00e7\u00e3o e s\u00e3o filiados \u00e0 Federa\u00e7\u00e3o de seu Estado. A Federa\u00e7\u00e3o, por sua vez, \u00e9 filiada \u00e0 Confedera\u00e7\u00e3o da Agricultura e Pecu\u00e1ria do Brasil (CNA). Portanto, a Federa\u00e7\u00e3o congrega os Sindicatos e a CNA congrega as Federa\u00e7\u00f5es de Agricultura de todo o pa\u00eds.<\/p>\n","protected":false},"excerpt":{"rendered":"<p>Os Sindicatos Rurais exercem um importante papel no suporte aos produtores do campo, fornecendo informa\u00e7\u00f5es, oferecendo benef\u00edcios e contribuindo nas mais diferentes necessidades da agropecu\u00e1ria. S\u00e3o entidades que atuam pelos anseios e pleitos do setor, propondo medidas favor\u00e1veis aos seus interesses. Prestam servi\u00e7os em todas as \u00e1reas ligadas \u00e0 atividade agr\u00e1ria, com o objetivo de [&hellip;]<\/p>\n","protected":false},"author":1,"featured_media":0,"parent":0,"menu_order":58,"comment_status":"closed","ping_status":"closed","template":"","meta":{"footnotes":""},"class_list":["post-608","page","type-page","status-publish","hentry"],"acf":[],"yoast_head":"<!-- This site is optimized with the Yoast SEO plugin v24.8.1 - https:\/\/yoast.com\/wordpress\/plugins\/seo\/ -->\n<title>Sindicatos Rurais - FAESP\/SENAR-SP\/CAESP<\/title>\n<meta name=\"robots\" content=\"index, follow, max-snippet:-1, max-image-preview:large, max-video-preview:-1\" \/>\n<link rel=\"canonical\" href=\"https:\/\/faespsenar.com.br\/painel-de-dados\/sindicatos-rurais-beneficios-da-pessoa-se-associar-ao-sindicato\/\" \/>\n<meta property=\"og:locale\" content=\"pt_BR\" \/>\n<meta property=\"og:type\" content=\"article\" \/>\n<meta property=\"og:title\" content=\"Sindicatos Rurais - FAESP\/SENAR-SP\/CAESP\" \/>\n<meta property=\"og:description\" content=\"Os Sindicatos Rurais exercem um importante papel no suporte aos produtores do campo, fornecendo informa\u00e7\u00f5es, oferecendo benef\u00edcios e contribuindo nas mais diferentes necessidades da agropecu\u00e1ria. S\u00e3o entidades que atuam pelos anseios e pleitos do setor, propondo medidas favor\u00e1veis aos seus interesses. Prestam servi\u00e7os em todas as \u00e1reas ligadas \u00e0 atividade agr\u00e1ria, com o objetivo de [&hellip;]\" \/>\n<meta property=\"og:url\" content=\"https:\/\/faespsenar.com.br\/painel-de-dados\/sindicatos-rurais-beneficios-da-pessoa-se-associar-ao-sindicato\/\" \/>\n<meta property=\"og:site_name\" content=\"FAESP\/SENAR-SP\/CAESP\" \/>\n<meta property=\"article:publisher\" content=\"https:\/\/www.facebook.com\/faespsenarsp\/\" \/>\n<meta property=\"article:modified_time\" content=\"2022-02-09T20:07:27+00:00\" \/>\n<meta name=\"twitter:card\" content=\"summary_large_image\" \/>\n<meta name=\"twitter:label1\" content=\"Est. tempo de leitura\" \/>\n\t<meta name=\"twitter:data1\" content=\"3 minutos\" \/>\n<script type=\"application\/ld+json\" class=\"yoast-schema-graph\">{\"@context\":\"https:\/\/schema.org\",\"@graph\":[{\"@type\":\"WebPage\",\"@id\":\"https:\/\/faespsenar.com.br\/painel-de-dados\/sindicatos-rurais-beneficios-da-pessoa-se-associar-ao-sindicato\/\",\"url\":\"https:\/\/faespsenar.com.br\/painel-de-dados\/sindicatos-rurais-beneficios-da-pessoa-se-associar-ao-sindicato\/\",\"name\":\"Sindicatos Rurais - FAESP\/SENAR-SP\/CAESP\",\"isPartOf\":{\"@id\":\"https:\/\/faespsenar.com.br\/painel-de-dados\/#website\"},\"datePublished\":\"2022-01-26T19:40:15+00:00\",\"dateModified\":\"2022-02-09T20:07:27+00:00\",\"breadcrumb\":{\"@id\":\"https:\/\/faespsenar.com.br\/painel-de-dados\/sindicatos-rurais-beneficios-da-pessoa-se-associar-ao-sindicato\/#breadcrumb\"},\"inLanguage\":\"pt-BR\",\"potentialAction\":[{\"@type\":\"ReadAction\",\"target\":[\"https:\/\/faespsenar.com.br\/painel-de-dados\/sindicatos-rurais-beneficios-da-pessoa-se-associar-ao-sindicato\/\"]}]},{\"@type\":\"BreadcrumbList\",\"@id\":\"https:\/\/faespsenar.com.br\/painel-de-dados\/sindicatos-rurais-beneficios-da-pessoa-se-associar-ao-sindicato\/#breadcrumb\",\"itemListElement\":[{\"@type\":\"ListItem\",\"position\":1,\"name\":\"Home\",\"item\":\"https:\/\/faespsenar.com.br\/painel-de-dados\/\"},{\"@type\":\"ListItem\",\"position\":2,\"name\":\"Sindicatos Rurais\"}]},{\"@type\":\"WebSite\",\"@id\":\"https:\/\/faespsenar.com.br\/painel-de-dados\/#website\",\"url\":\"https:\/\/faespsenar.com.br\/painel-de-dados\/\",\"name\":\"FAESP\/SENAR-SP\/CAESP\",\"description\":\"Canal dos produtores rurais\",\"publisher\":{\"@id\":\"https:\/\/faespsenar.com.br\/painel-de-dados\/#organization\"},\"potentialAction\":[{\"@type\":\"SearchAction\",\"target\":{\"@type\":\"EntryPoint\",\"urlTemplate\":\"https:\/\/faespsenar.com.br\/painel-de-dados\/?s={search_term_string}\"},\"query-input\":{\"@type\":\"PropertyValueSpecification\",\"valueRequired\":true,\"valueName\":\"search_term_string\"}}],\"inLanguage\":\"pt-BR\"},{\"@type\":\"Organization\",\"@id\":\"https:\/\/faespsenar.com.br\/painel-de-dados\/#organization\",\"name\":\"FAESP\/SENAR-SP\/CAESP\",\"url\":\"https:\/\/faespsenar.com.br\/painel-de-dados\/\",\"logo\":{\"@type\":\"ImageObject\",\"inLanguage\":\"pt-BR\",\"@id\":\"https:\/\/faespsenar.com.br\/painel-de-dados\/#\/schema\/logo\/image\/\",\"url\":\"https:\/\/faespsenar.com.br\/wp-content\/uploads\/2022\/02\/logo-faesp.jpg\",\"contentUrl\":\"https:\/\/faespsenar.com.br\/wp-content\/uploads\/2022\/02\/logo-faesp.jpg\",\"width\":433,\"height\":433,\"caption\":\"FAESP\/SENAR-SP\/CAESP\"},\"image\":{\"@id\":\"https:\/\/faespsenar.com.br\/painel-de-dados\/#\/schema\/logo\/image\/\"},\"sameAs\":[\"https:\/\/www.facebook.com\/faespsenarsp\/\"]}]}<\/script>\n<!-- \/ Yoast SEO plugin. -->","yoast_head_json":{"title":"Sindicatos Rurais - FAESP\/SENAR-SP\/CAESP","robots":{"index":"index","follow":"follow","max-snippet":"max-snippet:-1","max-image-preview":"max-image-preview:large","max-video-preview":"max-video-preview:-1"},"canonical":"https:\/\/faespsenar.com.br\/painel-de-dados\/sindicatos-rurais-beneficios-da-pessoa-se-associar-ao-sindicato\/","og_locale":"pt_BR","og_type":"article","og_title":"Sindicatos Rurais - FAESP\/SENAR-SP\/CAESP","og_description":"Os Sindicatos Rurais exercem um importante papel no suporte aos produtores do campo, fornecendo informa\u00e7\u00f5es, oferecendo benef\u00edcios e contribuindo nas mais diferentes necessidades da agropecu\u00e1ria. S\u00e3o entidades que atuam pelos anseios e pleitos do setor, propondo medidas favor\u00e1veis aos seus interesses. Prestam servi\u00e7os em todas as \u00e1reas ligadas \u00e0 atividade agr\u00e1ria, com o objetivo de [&hellip;]","og_url":"https:\/\/faespsenar.com.br\/painel-de-dados\/sindicatos-rurais-beneficios-da-pessoa-se-associar-ao-sindicato\/","og_site_name":"FAESP\/SENAR-SP\/CAESP","article_publisher":"https:\/\/www.facebook.com\/faespsenarsp\/","article_modified_time":"2022-02-09T20:07:27+00:00","twitter_card":"summary_large_image","twitter_misc":{"Est. tempo de leitura":"3 minutos"},"schema":{"@context":"https:\/\/schema.org","@graph":[{"@type":"WebPage","@id":"https:\/\/faespsenar.com.br\/painel-de-dados\/sindicatos-rurais-beneficios-da-pessoa-se-associar-ao-sindicato\/","url":"https:\/\/faespsenar.com.br\/painel-de-dados\/sindicatos-rurais-beneficios-da-pessoa-se-associar-ao-sindicato\/","name":"Sindicatos Rurais - FAESP\/SENAR-SP\/CAESP","isPartOf":{"@id":"https:\/\/faespsenar.com.br\/painel-de-dados\/#website"},"datePublished":"2022-01-26T19:40:15+00:00","dateModified":"2022-02-09T20:07:27+00:00","breadcrumb":{"@id":"https:\/\/faespsenar.com.br\/painel-de-dados\/sindicatos-rurais-beneficios-da-pessoa-se-associar-ao-sindicato\/#breadcrumb"},"inLanguage":"pt-BR","potentialAction":[{"@type":"ReadAction","target":["https:\/\/faespsenar.com.br\/painel-de-dados\/sindicatos-rurais-beneficios-da-pessoa-se-associar-ao-sindicato\/"]}]},{"@type":"BreadcrumbList","@id":"https:\/\/faespsenar.com.br\/painel-de-dados\/sindicatos-rurais-beneficios-da-pessoa-se-associar-ao-sindicato\/#breadcrumb","itemListElement":[{"@type":"ListItem","position":1,"name":"Home","item":"https:\/\/faespsenar.com.br\/painel-de-dados\/"},{"@type":"ListItem","position":2,"name":"Sindicatos Rurais"}]},{"@type":"WebSite","@id":"https:\/\/faespsenar.com.br\/painel-de-dados\/#website","url":"https:\/\/faespsenar.com.br\/painel-de-dados\/","name":"FAESP\/SENAR-SP\/CAESP","description":"Canal dos produtores rurais","publisher":{"@id":"https:\/\/faespsenar.com.br\/painel-de-dados\/#organization"},"potentialAction":[{"@type":"SearchAction","target":{"@type":"EntryPoint","urlTemplate":"https:\/\/faespsenar.com.br\/painel-de-dados\/?s={search_term_string}"},"query-input":{"@type":"PropertyValueSpecification","valueRequired":true,"valueName":"search_term_string"}}],"inLanguage":"pt-BR"},{"@type":"Organization","@id":"https:\/\/faespsenar.com.br\/painel-de-dados\/#organization","name":"FAESP\/SENAR-SP\/CAESP","url":"https:\/\/faespsenar.com.br\/painel-de-dados\/","logo":{"@type":"ImageObject","inLanguage":"pt-BR","@id":"https:\/\/faespsenar.com.br\/painel-de-dados\/#\/schema\/logo\/image\/","url":"https:\/\/faespsenar.com.br\/wp-content\/uploads\/2022\/02\/logo-faesp.jpg","contentUrl":"https:\/\/faespsenar.com.br\/wp-content\/uploads\/2022\/02\/logo-faesp.jpg","width":433,"height":433,"caption":"FAESP\/SENAR-SP\/CAESP"},"image":{"@id":"https:\/\/faespsenar.com.br\/painel-de-dados\/#\/schema\/logo\/image\/"},"sameAs":["https:\/\/www.facebook.com\/faespsenarsp\/"]}]}},"_links":{"self":[{"href":"https:\/\/faespsenar.com.br\/painel-de-dados\/wp-json\/wp\/v2\/pages\/608","targetHints":{"allow":["GET"]}}],"collection":[{"href":"https:\/\/faespsenar.com.br\/painel-de-dados\/wp-json\/wp\/v2\/pages"}],"about":[{"href":"https:\/\/faespsenar.com.br\/painel-de-dados\/wp-json\/wp\/v2\/types\/page"}],"author":[{"embeddable":true,"href":"https:\/\/faespsenar.com.br\/painel-de-dados\/wp-json\/wp\/v2\/users\/1"}],"replies":[{"embeddable":true,"href":"https:\/\/faespsenar.com.br\/painel-de-dados\/wp-json\/wp\/v2\/comments?post=608"}],"version-history":[{"count":0,"href":"https:\/\/faespsenar.com.br\/painel-de-dados\/wp-json\/wp\/v2\/pages\/608\/revisions"}],"wp:attachment":[{"href":"https:\/\/faespsenar.com.br\/painel-de-dados\/wp-json\/wp\/v2\/media?parent=608"}],"curies":[{"name":"wp","href":"https:\/\/api.w.org\/{rel}","templated":true}]}}